{"id":8916,"date":"2023-07-06T21:12:28","date_gmt":"2023-07-06T21:12:28","guid":{"rendered":"https:\/\/marhaf.com\/?post_type=product&#038;p=8916"},"modified":"2025-05-21T18:58:53","modified_gmt":"2025-05-21T18:58:53","slug":"uriage-eau-thermale-creme-deau-spf20-40ml-2","status":"publish","type":"product","link":"https:\/\/marhaf.com\/index.php\/product\/uriage-eau-thermale-creme-deau-spf20-40ml-2\/","title":{"rendered":"Uriage EAU THERMALE Cr\u00e8me d&#8217;Eau SPF20 40ml"},"content":{"rendered":"<p>D\u00e9couvrez Uriage Eau Thermale Cr\u00e8me d\u2019Eau L\u00e9g\u00e8re Hydratante Protectrice SPF20 \u2013 40ml, une cr\u00e8me hydratante \u00e0 la texture riche et onctueuse, con\u00e7ue pour nourrir en profondeur les peaux les plus assoiff\u00e9es. La Cr\u00e8me d\u2019Eau Riche offre un confort instantan\u00e9 pour une peau \u00e9clatante tout au long de la journ\u00e9e. Cette cr\u00e8me est dot\u00e9e de multiples avantages :<\/p>\n<ul>\n<li>R\u00e9g\u00e9n\u00e8re l\u2019hydratation de la peau : Formul\u00e9e \u00e0 base d\u2019Eau Thermale d\u2019Uriage, cette Cr\u00e8me d\u2019Eau Riche aide \u00e0 reconstruire la barri\u00e8re cutan\u00e9e, maintenant ainsi un taux d\u2019hydratation optimal.<\/li>\n<li>Optimise l\u2019hydratation continue de l\u2019\u00e9piderme : Elle permet de reformer un film de surface et de lib\u00e9rer progressivement les agents hydratants contenus dans la Cr\u00e8me d\u2019Eau Riche.<\/li>\n<li>Restaure l\u2019effet barri\u00e8re de la peau et limite sa d\u00e9shydratation : Cette cr\u00e8me agit sur la reconstruction du ciment corn\u00e9ocytaire pour booster durablement l\u2019hydratation.<\/li>\n<li>Diminue les sensations d\u2019inconfort : Gr\u00e2ce \u00e0 sa formule enrichie en Beurre de Karit\u00e9, la peau est parfaitement nourrie et r\u00e9confort\u00e9e.<\/li>\n<\/ul>\n<p>Les r\u00e9sultats parlent d\u2019eux-m\u00eames : lors d\u2019une \u00e9tude r\u00e9alis\u00e9e sous contr\u00f4le dermatologique sur 20 sujets ayant une peau s\u00e8che, \u00e2g\u00e9s de 19 \u00e0 55 ans, avec une application bi-quotidienne pendant 21 jours, 95 % des participants ont constat\u00e9 une hydratation imm\u00e9diate, une peau plus souple et nourrie tout au long de la journ\u00e9e.<\/p>\n<p><strong>Conseils d\u2019application :<\/strong><\/p>\n<ul>\n<li>Appliquez la cr\u00e8me le matin et\/ou le soir sur le visage, le cou et le d\u00e9collet\u00e9, apr\u00e8s avoir soigneusement nettoy\u00e9 la peau.<\/li>\n<li>\u00c9vitez le contour des yeux.<\/li>\n<\/ul>\n","protected":false},"excerpt":{"rendered":"<p>D\u00e9couvrez Uriage Eau Thermale Cr\u00e8me d\u2019Eau L\u00e9g\u00e8re Hydratante Protectrice SPF20 \u2013 40ml, une cr\u00e8me hydratante \u00e0 la texture riche et onctueuse, con\u00e7ue pour nourrir en profondeur les peaux les plus assoiff\u00e9es. La Cr\u00e8me d\u2019Eau Riche offre un confort instantan\u00e9 pour une peau \u00e9clatante tout au long de la journ\u00e9e. Cette cr\u00e8me est dot\u00e9e de multiples avantages :<\/p>\n<ul>\n<li>R\u00e9g\u00e9n\u00e8re l\u2019hydratation de la peau : Formul\u00e9e \u00e0 base d\u2019Eau Thermale d\u2019Uriage, cette Cr\u00e8me d\u2019Eau Riche aide \u00e0 reconstruire la barri\u00e8re cutan\u00e9e, maintenant ainsi un taux d\u2019hydratation optimal.<\/li>\n<li>Optimise l\u2019hydratation continue de l\u2019\u00e9piderme : Elle permet de reformer un film de surface et de lib\u00e9rer progressivement les agents hydratants contenus dans la Cr\u00e8me d\u2019Eau Riche.<\/li>\n<li>Restaure l\u2019effet barri\u00e8re de la peau et limite sa d\u00e9shydratation : Cette cr\u00e8me agit sur la reconstruction du ciment corn\u00e9ocytaire pour booster durablement l\u2019hydratation.<\/li>\n<li>Diminue les sensations d\u2019inconfort : Gr\u00e2ce \u00e0 sa formule enrichie en Beurre de Karit\u00e9, la peau est parfaitement nourrie et r\u00e9confort\u00e9e.<\/li>\n<\/ul>\n<p>Les r\u00e9sultats parlent d\u2019eux-m\u00eames : lors d\u2019une \u00e9tude r\u00e9alis\u00e9e sous contr\u00f4le dermatologique sur 20 sujets ayant une peau s\u00e8che, \u00e2g\u00e9s de 19 \u00e0 55 ans, avec une application bi-quotidienne pendant 21 jours, 95 % des participants ont constat\u00e9 une hydratation imm\u00e9diate, une peau plus souple et nourrie tout au long de la journ\u00e9e.<\/p>\n<p><strong>Conseils d\u2019application :<\/strong><\/p>\n<ul>\n<li>Appliquez la cr\u00e8me le matin et\/ou le soir sur le visage, le cou et le d\u00e9collet\u00e9, apr\u00e8s avoir soigneusement nettoy\u00e9 la peau.<\/li>\n<li>\u00c9vitez le contour des yeux.<\/li>\n<\/ul>\n","protected":false},"featured_media":0,"comment_status":"open","ping_status":"closed","template":"","meta":{"_uag_custom_page_level_css":"","site-sidebar-layout":"default","site-content-layout":"default","ast-site-content-layout":"default","site-content-style":"default","site-sidebar-style":"default","ast-global-header-display":"","ast-banner-title-visibility":"","ast-main-header-display":"","ast-hfb-above-header-display":"","ast-hfb-below-header-display":"","ast-hfb-mobile-header-display":"","site-post-title":"","ast-breadcrumbs-content":"","ast-featured-img":"","footer-sml-layout":"","ast-disable-related-posts":"","theme-transparent-header-meta":"default","adv-header-id-meta":"","stick-header-meta":"","header-above-stick-meta":"","header-main-stick-meta":"","header-below-stick-meta":"","astra-migrate-meta-layouts":"set","ast-page-background-enabled":"default","ast-page-background-meta":{"desktop":{"background-color":"","background-image":"","background-repeat":"repeat","background-position":"center center","background-size":"auto","background-attachment":"scroll","background-type":"","background-media":"","overlay-type":"","overlay-color":"","overlay-opacity":"","overlay-gradient":""},"tablet":{"background-color":"","background-image":"","background-repeat":"repeat","background-position":"center center","background-size":"auto","background-attachment":"scroll","background-type":"","background-media":"","overlay-type":"","overlay-color":"","overlay-opacity":"","overlay-gradient":""},"mobile":{"background-color":"","background-image":"","background-repeat":"repeat","background-position":"center center","background-size":"auto","background-attachment":"scroll","background-type":"","background-media":"","overlay-type":"","overlay-color":"","overlay-opacity":"","overlay-gradient":""}},"ast-content-background-meta":{"desktop":{"background-color":"var(--ast-global-color-5)","background-image":"","background-repeat":"repeat","background-position":"center center","background-size":"auto","background-attachment":"scroll","background-type":"","background-media":"","overlay-type":"","overlay-color":"","overlay-opacity":"","overlay-gradient":""},"tablet":{"background-color":"var(--ast-global-color-5)","background-image":"","background-repeat":"repeat","background-position":"center center","background-size":"auto","background-attachment":"scroll","background-type":"","background-media":"","overlay-type":"","overlay-color":"","overlay-opacity":"","overlay-gradient":""},"mobile":{"background-color":"var(--ast-global-color-5)","background-image":"","background-repeat":"repeat","background-position":"center center","background-size":"auto","background-attachment":"scroll","background-type":"","background-media":"","overlay-type":"","overlay-color":"","overlay-opacity":"","overlay-gradient":""}}},"product_cat":[39],"product_tag":[],"uagb_featured_image_src":{"full":false,"thumbnail":false,"medium":false,"medium_large":false,"large":false,"1536x1536":false,"2048x2048":false,"_nx_notification_thumb":false,"woocommerce_thumbnail":false,"woocommerce_single":false,"woocommerce_gallery_thumbnail":false},"uagb_author_info":{"display_name":"fatiha mat","author_link":"https:\/\/marhaf.com\/index.php\/author\/"},"uagb_comment_info":0,"uagb_excerpt":"D\u00e9couvrez Uriage Eau Thermale Cr\u00e8me d\u2019Eau L\u00e9g\u00e8re Hydratante Protectrice SPF20 \u2013 40ml, une cr\u00e8me hydratante \u00e0 la texture riche et onctueuse, con\u00e7ue pour nourrir en profondeur les peaux les plus assoiff\u00e9es. La Cr\u00e8me d\u2019Eau Riche offre un confort instantan\u00e9 pour une peau \u00e9clatante tout au long de la journ\u00e9e. Cette cr\u00e8me est dot\u00e9e de multiples&hellip;","_links":{"self":[{"href":"https:\/\/marhaf.com\/index.php\/wp-json\/wp\/v2\/product\/8916"}],"collection":[{"href":"https:\/\/marhaf.com\/index.php\/wp-json\/wp\/v2\/product"}],"about":[{"href":"https:\/\/marhaf.com\/index.php\/wp-json\/wp\/v2\/types\/product"}],"replies":[{"embeddable":true,"href":"https:\/\/marhaf.com\/index.php\/wp-json\/wp\/v2\/comments?post=8916"}],"wp:attachment":[{"href":"https:\/\/marhaf.com\/index.php\/wp-json\/wp\/v2\/media?parent=8916"}],"wp:term":[{"taxonomy":"product_cat","embeddable":true,"href":"https:\/\/marhaf.com\/index.php\/wp-json\/wp\/v2\/product_cat?post=8916"},{"taxonomy":"product_tag","embeddable":true,"href":"https:\/\/marhaf.com\/index.php\/wp-json\/wp\/v2\/product_tag?post=8916"}],"curies":[{"name":"wp","href":"https:\/\/api.w.org\/{rel}","templated":true}]}}